{"id":993,"date":"2023-06-09T14:57:31","date_gmt":"2023-06-09T05:57:31","guid":{"rendered":"http:\/\/ltv.vision\/golfwith\/?page_id=993"},"modified":"2025-09-09T08:11:18","modified_gmt":"2025-09-08T23:11:18","slug":"demolesson","status":"publish","type":"page","link":"http:\/\/ltv.vision\/golfwith\/demolesson\/","title":{"rendered":"\u4f53\u9a13\u30ec\u30c3\u30b9\u30f3\u7533\u3057\u8fbc\u307f"},"content":{"rendered":"\n<div class=\"wp-block-group has-border -border02\"><div class=\"wp-block-group__inner-container\">\n<ul class=\"wp-block-list\">\n<li><span class=\"swl-fz u-fz-l\"><strong><span class=\"swl-marker mark_orange\">\u300c\u304a\u77e5\u3089\u305b\u300d\u6b04\u306e<a href=\"http:\/\/ltv.vision\/golfwith\/\">\u30c6\u30a3\u30fc\u30c1\u30f3\u30b0\u30d7\u30ed\u30b7\u30d5\u30c8\u8868<\/a>\u306b\u63b2\u8f09\u3057\u3066\u3044\u308b\u30c6\u30a3\u30fc\u30c1\u30f3\u30b0\u30d7\u30ed\u5728\u7c4d\u6642\u9593\u306e\u307f\u3054\u6848\u5185\u53ef\u80fd\u3067\u3059\u3002<br>\u203b\u5728\u7c4d\u6642\u9593\u3054\u78ba\u8a8d\u5f8c\u3001\u3054\u5e0c\u671b\u65e5\u3092\u3054\u5165\u529b\u306e\u7a0b\u5b9c\u3057\u304f\u304a\u9858\u3044\u81f4\u3057\u307e\u3059\u3002<\/span><\/strong><\/span><\/li>\n\n\n\n<li><span class=\"swl-fz u-fz-l\"><span class=\"swl-marker mark_green\"><strong>\u5f53\u65e5\u306e\u4f53\u9a13\u30ec\u30c3\u30b9\u30f3\u304a\u7533\u8fbc\u307f\u306f\u3001\u53d7\u4ed8\u3057\u3066\u304a\u308a\u307e\u305b\u3093\u3002\uff08\u7fcc\u3005\u65e5\u4ee5\u964d\u306e\u307f\uff09<\/strong><\/span><\/span><\/li>\n\n\n\n<li>\u30af\u30e9\u30d6\u3092\u304a\u6301\u3061\u3044\u305f\u3060\u3044\u3066\u3082OK\u3067\u3059\u304c\u3001\u8cb8\u3057\u30af\u30e9\u30d6\u3082\u7121\u6599\u3067\u3054\u5229\u7528\u53ef\u80fd\u3002<\/li>\n\n\n\n<li>\u304a\u7533\u8fbc\u307f\u5f8c\u3001\u7b95\u9762\u30b4\u30eb\u30d5\u30ec\u30f3\u30b8\u304b\u3089\u306e\u30e1\u30fc\u30eb\u9023\u7d61\u3092\u304a\u5f85\u3061\u304f\u3060\u3055\u3044\u3002<\/li>\n\n\n\n<li>\u5e2d\u4e88\u7d04\u72b6\u6cc1\u306b\u3088\u3063\u3066\u306f\u30de\u30f3\u30c4\u30fc\u30de\u30f3or\u30b0\u30eb\u30fc\u30d7\u30ec\u30c3\u30b9\u30f3\u306b\u306a\u308a\u307e\u3059\u3002<\/li>\n<\/ul>\n<\/div><\/div>\n\n\n\n<div style=\"height:60px\" aria-hidden=\"true\" class=\"wp-block-spacer\"><\/div>\n\n\n\n<div class=\"wp-block-contact-form-7-contact-form-selector\">\n<div class=\"wpcf7 no-js\" id=\"wpcf7-f1343-o1\" lang=\"ja\" dir=\"ltr\">\n<div class=\"screen-reader-response\"><p role=\"status\" aria-live=\"polite\" aria-atomic=\"true\"><\/p> <ul><\/ul><\/div>\n<form action=\"\/golfwith\/wp-json\/wp\/v2\/pages\/993#wpcf7-f1343-o1\" method=\"post\" class=\"wpcf7-form init\" aria-label=\"\u30b3\u30f3\u30bf\u30af\u30c8\u30d5\u30a9\u30fc\u30e0\" novalidate=\"novalidate\" data-status=\"init\">\n<div style=\"display: none;\">\n<input type=\"hidden\" name=\"_wpcf7\" value=\"1343\" \/>\n<input type=\"hidden\" name=\"_wpcf7_version\" value=\"5.8.6\" \/>\n<input type=\"hidden\" name=\"_wpcf7_locale\" value=\"ja\" \/>\n<input type=\"hidden\" name=\"_wpcf7_unit_tag\" value=\"wpcf7-f1343-o1\" \/>\n<input type=\"hidden\" name=\"_wpcf7_container_post\" value=\"0\" \/>\n<input type=\"hidden\" name=\"_wpcf7_posted_data_hash\" value=\"\" \/>\n<\/div>\n<table class=\"CF7_table\">\n\t<tr>\n\t\t<th>\n\t\t\t<p><span class=\"CF7_req\">\u5fc5\u9808<\/span> \u304a\u540d\u524d\n\t\t\t<\/p>\n\t\t<\/th>\n\t\t<td>\n\t\t\t<p><span class=\"wpcf7-form-control-wrap\" data-name=\"your-name\"><input size=\"40\" class=\"wpcf7-form-control wpcf7-text wpcf7-validates-as-required\" aria-required=\"true\" aria-invalid=\"false\" placeholder=\"\u4f8b\uff1a\u3042\u306a\u305f\u306e\u304a\u540d\u524d\" value=\"\" type=\"text\" name=\"your-name\" \/><\/span>\n\t\t\t<\/p>\n\t\t<\/td>\n\t<\/tr>\n\t<tr>\n\t\t<th>\n\t\t\t<p><span class=\"CF7_req\">\u5fc5\u9808<\/span> \u30e1\u30fc\u30eb\u30a2\u30c9\u30ec\u30b9\n\t\t\t<\/p>\n\t\t<\/th>\n\t\t<td>\n\t\t\t<p><span class=\"wpcf7-form-control-wrap\" data-name=\"your-email\"><input size=\"40\" class=\"wpcf7-form-control wpcf7-email wpcf7-validates-as-required wpcf7-text wpcf7-validates-as-email\" aria-required=\"true\" aria-invalid=\"false\" placeholder=\"\u4f8b\uff1a\u00d7\u00d7\u00d7@\u00d7\u00d7\u00d7.com\" value=\"\" type=\"email\" name=\"your-email\" \/><\/span>\n\t\t\t<\/p>\n\t\t<\/td>\n\t<\/tr>\n\t<tr>\n\t\t<th>\n\t\t\t<p><span class=\"CF7_req\">\u5fc5\u9808<\/span>\u304a\u96fb\u8a71\u756a\u53f7\n\t\t\t<\/p>\n\t\t<\/th>\n\t\t<td>\n\t\t\t<p><span class=\"wpcf7-form-control-wrap\" data-name=\"your-tel\"><input size=\"40\" class=\"wpcf7-form-control wpcf7-text wpcf7-validates-as-required\" aria-required=\"true\" aria-invalid=\"false\" placeholder=\"\u4f8b\uff1a03-1234-5678\" value=\"\" type=\"text\" name=\"your-tel\" \/><\/span>\n\t\t\t<\/p>\n\t\t<\/td>\n\t<\/tr>\n\t<tr>\n\t\t<th>\n\t\t\t<p><span class=\"CF7_req\">\u5fc5\u9808<\/span>\u4f53\u9a13\u30ec\u30c3\u30b9\u30f3\u5e0c\u671b\u65e5\n\t\t\t<\/p>\n\t\t<\/th>\n\t\t<td>\n\t\t\t<p><span class=\"wpcf7-form-control-wrap\" data-name=\"date-942\"><input class=\"wpcf7-form-control wpcf7-date wpcf7-validates-as-required wpcf7-validates-as-date\" aria-required=\"true\" aria-invalid=\"false\" value=\"\" type=\"date\" name=\"date-942\" \/><\/span>\n\t\t\t<\/p>\n\t\t<\/td>\n\t<\/tr>\n\t<tr>\n\t\t<th>\n\t\t\t<p><span class=\"CF7_req\">\u5fc5\u9808<\/span>\u30e1\u30c3\u30bb\u30fc\u30b8\u672c\u6587\n\t\t\t<\/p>\n\t\t<\/th>\n\t\t<td class=\"message-100\">\n\t\t\t<p><span class=\"wpcf7-form-control-wrap\" data-name=\"your-message\"><textarea cols=\"40\" rows=\"10\" class=\"wpcf7-form-control wpcf7-textarea wpcf7-validates-as-required\" aria-required=\"true\" aria-invalid=\"false\" placeholder=\"\u5e0c\u671b\u6642\u9593\u306f\u3053\u3061\u3089\u306b\u3054\u5165\u529b\u304f\u3060\u3055\u3044\" name=\"your-message\"><\/textarea><\/span>\u3000\n\t\t\t<\/p>\n\t\t<\/td>\n\t<\/tr>\n<\/table>\n<p class=\"CF7_btn\"><input class=\"wpcf7-form-control wpcf7-submit has-spinner\" type=\"submit\" value=\"\u9001\u4fe1\u3059\u308b\" \/>\n<\/p><div class=\"wpcf7-response-output\" aria-hidden=\"true\"><\/div>\n<\/form>\n<\/div>\n<\/div>\n","protected":false},"excerpt":{"rendered":"","protected":false},"author":1,"featured_media":0,"parent":0,"menu_order":0,"comment_status":"closed","ping_status":"closed","template":"","meta":{"swell_btn_cv_data":"","footnotes":""},"class_list":["post-993","page","type-page","status-publish","hentry"],"_links":{"self":[{"href":"http:\/\/ltv.vision\/golfwith\/wp-json\/wp\/v2\/pages\/993","targetHints":{"allow":["GET"]}}],"collection":[{"href":"http:\/\/ltv.vision\/golfwith\/wp-json\/wp\/v2\/pages"}],"about":[{"href":"http:\/\/ltv.vision\/golfwith\/wp-json\/wp\/v2\/types\/page"}],"author":[{"embeddable":true,"href":"http:\/\/ltv.vision\/golfwith\/wp-json\/wp\/v2\/users\/1"}],"replies":[{"embeddable":true,"href":"http:\/\/ltv.vision\/golfwith\/wp-json\/wp\/v2\/comments?post=993"}],"version-history":[{"count":16,"href":"http:\/\/ltv.vision\/golfwith\/wp-json\/wp\/v2\/pages\/993\/revisions"}],"predecessor-version":[{"id":1704,"href":"http:\/\/ltv.vision\/golfwith\/wp-json\/wp\/v2\/pages\/993\/revisions\/1704"}],"wp:attachment":[{"href":"http:\/\/ltv.vision\/golfwith\/wp-json\/wp\/v2\/media?parent=993"}],"curies":[{"name":"wp","href":"https:\/\/api.w.org\/{rel}","templated":true}]}}